{"id":7746,"date":"2025-01-08T16:40:55","date_gmt":"2025-01-08T21:40:55","guid":{"rendered":"https:\/\/hbotmontreal.com\/yhbot-networking-event-2025\/"},"modified":"2025-01-08T16:47:32","modified_gmt":"2025-01-08T21:47:32","slug":"yhbot-networking-event-2025","status":"publish","type":"page","link":"https:\/\/hbotmontreal.com\/fr\/yhbot-networking-event-2025\/","title":{"rendered":"yHBOT r\u00e9seautage 2025"},"content":{"rendered":"\t\t<div data-elementor-type=\"wp-page\" data-elementor-id=\"7746\" class=\"elementor elementor-7746 elementor-7736\" data-elementor-post-type=\"page\">\n\t\t\t\t\t\t<section class=\"elementor-section elementor-top-section elementor-element elementor-element-3951f05 elementor-section-stretched elementor-section-height-min-height elementor-section-boxed elementor-section-height-default elementor-section-items-middle\" data-id=\"3951f05\" data-element_type=\"section\" data-e-type=\"section\" data-settings=\"{&quot;background_background&quot;:&quot;classic&quot;,&quot;stretch_section&quot;:&quot;section-stretched&quot;}\">\n\t\t\t\t\t\t\t<div class=\"elementor-background-overlay\"><\/div>\n\t\t\t\t\t\t\t<div class=\"elementor-container elementor-column-gap-no\">\n\t\t\t\t\t<div class=\"elementor-column elementor-col-100 elementor-top-column elementor-element elementor-element-a1115e5\" data-id=\"a1115e5\" data-element_type=\"column\" data-e-type=\"column\">\n\t\t\t<div class=\"elementor-widget-wrap elementor-element-populated\">\n\t\t\t\t\t\t<section class=\"elementor-section elementor-inner-section elementor-element elementor-element-7c5025c elementor-section-full_width elementor-section-height-default elementor-section-height-default\" data-id=\"7c5025c\" data-element_type=\"section\" data-e-type=\"section\">\n\t\t\t\t\t\t<div class=\"elementor-container elementor-column-gap-default\">\n\t\t\t\t\t<div class=\"elementor-column elementor-col-50 elementor-inner-column elementor-element elementor-element-d6582a1\" data-id=\"d6582a1\" data-element_type=\"column\" data-e-type=\"column\">\n\t\t\t<div class=\"elementor-widget-wrap elementor-element-populated\">\n\t\t\t\t\t\t<div class=\"elementor-element elementor-element-f2611cb elementor-widget elementor-widget-heading\" data-id=\"f2611cb\" data-element_type=\"widget\" data-e-type=\"widget\" data-widget_type=\"heading.default\">\n\t\t\t\t<div class=\"elementor-widget-container\">\n\t\t\t\t\t<h1 class=\"elementor-heading-title elementor-size-default\">yHBOT r\u00e9seautage 2025<\/h1>\t\t\t\t<\/div>\n\t\t\t\t<\/div>\n\t\t\t\t\t<\/div>\n\t\t<\/div>\n\t\t\t\t<div class=\"elementor-column elementor-col-50 elementor-inner-column elementor-element elementor-element-c3379fc\" data-id=\"c3379fc\" data-element_type=\"column\" data-e-type=\"column\">\n\t\t\t<div class=\"elementor-widget-wrap\">\n\t\t\t\t\t\t\t<\/div>\n\t\t<\/div>\n\t\t\t\t\t<\/div>\n\t\t<\/section>\n\t\t\t\t\t<\/div>\n\t\t<\/div>\n\t\t\t\t\t<\/div>\n\t\t<\/section>\n\t\t\t\t<section class=\"elementor-section elementor-top-section elementor-element elementor-element-de84820 elementor-section-boxed elementor-section-height-default elementor-section-height-default\" data-id=\"de84820\" data-element_type=\"section\" data-e-type=\"section\">\n\t\t\t\t\t\t<div class=\"elementor-container elementor-column-gap-default\">\n\t\t\t\t\t<div class=\"elementor-column elementor-col-100 elementor-top-column elementor-element elementor-element-977cd8a\" data-id=\"977cd8a\" data-element_type=\"column\" data-e-type=\"column\">\n\t\t\t<div class=\"elementor-widget-wrap elementor-element-populated\">\n\t\t\t\t\t\t<section class=\"elementor-section elementor-inner-section elementor-element elementor-element-1266f0b elementor-section-boxed elementor-section-height-default elementor-section-height-default\" data-id=\"1266f0b\" data-element_type=\"section\" data-e-type=\"section\">\n\t\t\t\t\t\t<div class=\"elementor-container elementor-column-gap-default\">\n\t\t\t\t\t<div class=\"elementor-column elementor-col-100 elementor-inner-column elementor-element elementor-element-c83a889\" data-id=\"c83a889\" data-element_type=\"column\" data-e-type=\"column\">\n\t\t\t<div class=\"elementor-widget-wrap elementor-element-populated\">\n\t\t\t\t\t\t<div class=\"elementor-element elementor-element-81c664b elementor-widget elementor-widget-image\" data-id=\"81c664b\" data-element_type=\"widget\" data-e-type=\"widget\" data-widget_type=\"image.default\">\n\t\t\t\t<div class=\"elementor-widget-container\">\n\t\t\t\t\t\t\t\t\t\t\t\t\t\t\t<img fetchpriority=\"high\" decoding=\"async\" width=\"768\" height=\"768\" src=\"https:\/\/hbotmontreal.com\/wp-content\/uploads\/2025\/01\/yHBOT-jan-30-fr-768x768.jpg\" class=\"attachment-medium_large size-medium_large wp-image-7731\" alt=\"\" srcset=\"https:\/\/hbotmontreal.com\/wp-content\/uploads\/2025\/01\/yHBOT-jan-30-fr-768x768.jpg 768w, https:\/\/hbotmontreal.com\/wp-content\/uploads\/2025\/01\/yHBOT-jan-30-fr-300x300.jpg 300w, https:\/\/hbotmontreal.com\/wp-content\/uploads\/2025\/01\/yHBOT-jan-30-fr-1024x1024.jpg 1024w, https:\/\/hbotmontreal.com\/wp-content\/uploads\/2025\/01\/yHBOT-jan-30-fr-150x150.jpg 150w, https:\/\/hbotmontreal.com\/wp-content\/uploads\/2025\/01\/yHBOT-jan-30-fr-400x400.jpg 400w, https:\/\/hbotmontreal.com\/wp-content\/uploads\/2025\/01\/yHBOT-jan-30-fr-600x600.jpg 600w, https:\/\/hbotmontreal.com\/wp-content\/uploads\/2025\/01\/yHBOT-jan-30-fr.jpg 1080w\" sizes=\"(max-width: 768px) 100vw, 768px\" \/>\t\t\t\t\t\t\t\t\t\t\t\t\t\t\t<\/div>\n\t\t\t\t<\/div>\n\t\t\t\t\t<\/div>\n\t\t<\/div>\n\t\t\t\t\t<\/div>\n\t\t<\/section>\n\t\t\t\t<div class=\"elementor-element elementor-element-d2baab3 elementor-widget elementor-widget-text-editor\" data-id=\"d2baab3\" data-element_type=\"widget\" data-e-type=\"widget\" data-widget_type=\"text-editor.default\">\n\t\t\t\t<div class=\"elementor-widget-container\">\n\t\t\t\t\t\t\t\t\t<div style=\"position:relative;overflow:hidden;height:500px;width:100%;padding-top:1000px;\"><iframe title='Donation form powered by Zeffy' style='position: absolute; border: 0; top:0;left:0;bottom:0;right:0;width:100%;height:100%' src='https:\/\/www.zeffy.com\/embed\/ticketing\/yhbot-networking-event--2025' allowpaymentrequest allowTransparency=\"true\"><\/iframe><\/div>\t\t\t\t\t\t\t\t<\/div>\n\t\t\t\t<\/div>\n\t\t\t\t\t<\/div>\n\t\t<\/div>\n\t\t\t\t\t<\/div>\n\t\t<\/section>\n\t\t\t\t<\/div>\n\t\t","protected":false},"excerpt":{"rendered":"<p>r\u00e9seautage r\u00e9seautage r\u00e9seautage r\u00e9seautage<\/p>\n","protected":false},"author":204,"featured_media":0,"parent":0,"menu_order":0,"comment_status":"closed","ping_status":"closed","template":"","meta":{"_seopress_robots_primary_cat":"","_seopress_titles_title":"","_seopress_titles_desc":"","_seopress_robots_index":"","footnotes":""},"class_list":["post-7746","page","type-page","status-publish","hentry"],"_links":{"self":[{"href":"https:\/\/hbotmontreal.com\/fr\/wp-json\/wp\/v2\/pages\/7746","targetHints":{"allow":["GET"]}}],"collection":[{"href":"https:\/\/hbotmontreal.com\/fr\/wp-json\/wp\/v2\/pages"}],"about":[{"href":"https:\/\/hbotmontreal.com\/fr\/wp-json\/wp\/v2\/types\/page"}],"author":[{"embeddable":true,"href":"https:\/\/hbotmontreal.com\/fr\/wp-json\/wp\/v2\/users\/204"}],"replies":[{"embeddable":true,"href":"https:\/\/hbotmontreal.com\/fr\/wp-json\/wp\/v2\/comments?post=7746"}],"version-history":[{"count":4,"href":"https:\/\/hbotmontreal.com\/fr\/wp-json\/wp\/v2\/pages\/7746\/revisions"}],"predecessor-version":[{"id":7751,"href":"https:\/\/hbotmontreal.com\/fr\/wp-json\/wp\/v2\/pages\/7746\/revisions\/7751"}],"wp:attachment":[{"href":"https:\/\/hbotmontreal.com\/fr\/wp-json\/wp\/v2\/media?parent=7746"}],"curies":[{"name":"wp","href":"https:\/\/api.w.org\/{rel}","templated":true}]}}