{"id":6998,"date":"2024-03-19T13:44:23","date_gmt":"2024-03-19T17:44:23","guid":{"rendered":"https:\/\/hbotmontreal.com\/hbot-scholarship-program\/"},"modified":"2026-02-10T11:39:38","modified_gmt":"2026-02-10T16:39:38","slug":"programme-bourses-etudes-hbot","status":"publish","type":"page","link":"https:\/\/hbotmontreal.com\/fr\/programme-bourses-etudes-hbot\/","title":{"rendered":"HBOT Scholarship Program"},"content":{"rendered":"\t\t<div data-elementor-type=\"wp-page\" data-elementor-id=\"6998\" class=\"elementor elementor-6998 elementor-6131\" data-elementor-post-type=\"page\">\n\t\t\t\t\t\t<section class=\"elementor-section elementor-top-section elementor-element elementor-element-24f25090 elementor-section-stretched elementor-section-height-min-height elementor-section-boxed elementor-section-height-default elementor-section-items-middle\" data-id=\"24f25090\" data-element_type=\"section\" data-e-type=\"section\" data-settings=\"{&quot;background_background&quot;:&quot;classic&quot;,&quot;stretch_section&quot;:&quot;section-stretched&quot;}\">\n\t\t\t\t\t\t\t<div class=\"elementor-background-overlay\"><\/div>\n\t\t\t\t\t\t\t<div class=\"elementor-container elementor-column-gap-no\">\n\t\t\t\t\t<div class=\"elementor-column elementor-col-100 elementor-top-column elementor-element elementor-element-23e6dbec\" data-id=\"23e6dbec\" data-element_type=\"column\" data-e-type=\"column\">\n\t\t\t<div class=\"elementor-widget-wrap elementor-element-populated\">\n\t\t\t\t\t\t<section class=\"elementor-section elementor-inner-section elementor-element elementor-element-40d4fc98 elementor-section-full_width elementor-section-height-default elementor-section-height-default\" data-id=\"40d4fc98\" data-element_type=\"section\" data-e-type=\"section\">\n\t\t\t\t\t\t<div class=\"elementor-container elementor-column-gap-default\">\n\t\t\t\t\t<div class=\"elementor-column elementor-col-50 elementor-inner-column elementor-element elementor-element-39e800bf\" data-id=\"39e800bf\" data-element_type=\"column\" data-e-type=\"column\">\n\t\t\t<div class=\"elementor-widget-wrap elementor-element-populated\">\n\t\t\t\t\t\t<div class=\"elementor-element elementor-element-23651d1 elementor-widget elementor-widget-heading\" data-id=\"23651d1\" data-element_type=\"widget\" data-e-type=\"widget\" data-widget_type=\"heading.default\">\n\t\t\t\t<div class=\"elementor-widget-container\">\n\t\t\t\t\t<h1 class=\"elementor-heading-title elementor-size-default\">Le programme de bourses d\u2019\u00e9tudes HBOT<\/h1>\t\t\t\t<\/div>\n\t\t\t\t<\/div>\n\t\t\t\t\t<\/div>\n\t\t<\/div>\n\t\t\t\t<div class=\"elementor-column elementor-col-50 elementor-inner-column elementor-element elementor-element-3b61bc0\" data-id=\"3b61bc0\" data-element_type=\"column\" data-e-type=\"column\">\n\t\t\t<div class=\"elementor-widget-wrap\">\n\t\t\t\t\t\t\t<\/div>\n\t\t<\/div>\n\t\t\t\t\t<\/div>\n\t\t<\/section>\n\t\t\t\t\t<\/div>\n\t\t<\/div>\n\t\t\t\t\t<\/div>\n\t\t<\/section>\n\t\t\t\t<section class=\"elementor-section elementor-top-section elementor-element elementor-element-a1fd446 elementor-section-height-min-height elementor-section-boxed elementor-section-height-default elementor-section-items-middle\" data-id=\"a1fd446\" data-element_type=\"section\" data-e-type=\"section\">\n\t\t\t\t\t\t<div class=\"elementor-container elementor-column-gap-default\">\n\t\t\t\t\t<div class=\"elementor-column elementor-col-50 elementor-top-column elementor-element elementor-element-3925245\" data-id=\"3925245\" data-element_type=\"column\" data-e-type=\"column\">\n\t\t\t<div class=\"elementor-widget-wrap elementor-element-populated\">\n\t\t\t\t\t\t<div class=\"elementor-element elementor-element-a273ac7 elementor-widget elementor-widget-heading\" data-id=\"a273ac7\" data-element_type=\"widget\" data-e-type=\"widget\" data-widget_type=\"heading.default\">\n\t\t\t\t<div class=\"elementor-widget-container\">\n\t\t\t\t\t<h2 class=\"elementor-heading-title elementor-size-default\">Mission<\/h2>\t\t\t\t<\/div>\n\t\t\t\t<\/div>\n\t\t\t\t<div class=\"elementor-element elementor-element-b8097a4 elementor-widget elementor-widget-text-editor\" data-id=\"b8097a4\" data-element_type=\"widget\" data-e-type=\"widget\" data-widget_type=\"text-editor.default\">\n\t\t\t\t<div class=\"elementor-widget-container\">\n\t\t\t\t\t\t\t\t\t<p class=\"p1\">Depuis de nombreuses ann\u00e9es, la Chambre de commerce hell\u00e9nique (HBOT) aide les \u00e9tudiants par le biais de programmes de mentorat et d\u2019autres programmes, cherchant toujours \u00e0 promouvoir nos jeunes. En 2024, le programme de bourses d\u2019\u00e9tudes HBOT a \u00e9t\u00e9 lanc\u00e9, afin de promouvoir les jeunes hell\u00e8nes qui poursuivent des \u00e9tudes sup\u00e9rieures au niveau universitaire. Cette bourse vise \u00e0 apporter un soutien financier aux \u00e9tudiants d\u2019origine grecque, pour le paiement des frais de scolarit\u00e9 et des droits d\u2019inscription. Gr\u00e2ce \u00e0 cette aide, nous esp\u00e9rons encourager les futurs membres de notre communaut\u00e9 d\u2019affaires dans cette \u00e9tape importante de leur carri\u00e8re professionnelle et nous nous r\u00e9jouissons de les accueillir un jour dans l\u2019\u00e9cosyst\u00e8me HBOT.<\/p>\t\t\t\t\t\t\t\t<\/div>\n\t\t\t\t<\/div>\n\t\t\t\t\t<\/div>\n\t\t<\/div>\n\t\t\t\t<div class=\"elementor-column elementor-col-50 elementor-top-column elementor-element elementor-element-d9fa838\" data-id=\"d9fa838\" data-element_type=\"column\" data-e-type=\"column\">\n\t\t\t<div class=\"elementor-widget-wrap elementor-element-populated\">\n\t\t\t\t\t\t<div class=\"elementor-element elementor-element-bce37db elementor-widget elementor-widget-image\" data-id=\"bce37db\" data-element_type=\"widget\" data-e-type=\"widget\" data-widget_type=\"image.default\">\n\t\t\t\t<div class=\"elementor-widget-container\">\n\t\t\t\t\t\t\t\t\t\t\t\t\t\t\t<img fetchpriority=\"high\" decoding=\"async\" width=\"800\" height=\"534\" src=\"https:\/\/hbotmontreal.com\/wp-content\/uploads\/2020\/04\/photo-of-people-near-wooden-table-3184418-1-1024x683.jpg\" class=\"attachment-large size-large wp-image-6533\" alt=\"\" srcset=\"https:\/\/hbotmontreal.com\/wp-content\/uploads\/2020\/04\/photo-of-people-near-wooden-table-3184418-1-1024x683.jpg 1024w, https:\/\/hbotmontreal.com\/wp-content\/uploads\/2020\/04\/photo-of-people-near-wooden-table-3184418-1-scaled-600x400.jpg 600w, https:\/\/hbotmontreal.com\/wp-content\/uploads\/2020\/04\/photo-of-people-near-wooden-table-3184418-1-300x200.jpg 300w, https:\/\/hbotmontreal.com\/wp-content\/uploads\/2020\/04\/photo-of-people-near-wooden-table-3184418-1-768x512.jpg 768w, https:\/\/hbotmontreal.com\/wp-content\/uploads\/2020\/04\/photo-of-people-near-wooden-table-3184418-1-1536x1024.jpg 1536w, https:\/\/hbotmontreal.com\/wp-content\/uploads\/2020\/04\/photo-of-people-near-wooden-table-3184418-1-2048x1365.jpg 2048w\" sizes=\"(max-width: 800px) 100vw, 800px\" \/>\t\t\t\t\t\t\t\t\t\t\t\t\t\t\t<\/div>\n\t\t\t\t<\/div>\n\t\t\t\t\t<\/div>\n\t\t<\/div>\n\t\t\t\t\t<\/div>\n\t\t<\/section>\n\t\t\t\t<section class=\"elementor-section elementor-top-section elementor-element elementor-element-c2f70b5 elementor-section-boxed elementor-section-height-default elementor-section-height-default\" data-id=\"c2f70b5\" data-element_type=\"section\" data-e-type=\"section\">\n\t\t\t\t\t\t<div class=\"elementor-container elementor-column-gap-default\">\n\t\t\t\t\t<div class=\"elementor-column elementor-col-100 elementor-top-column elementor-element elementor-element-cdaf54c\" data-id=\"cdaf54c\" data-element_type=\"column\" data-e-type=\"column\">\n\t\t\t<div class=\"elementor-widget-wrap elementor-element-populated\">\n\t\t\t\t\t\t<div class=\"elementor-element elementor-element-b2677b4 elementor-widget elementor-widget-text-editor\" data-id=\"b2677b4\" data-element_type=\"widget\" data-e-type=\"widget\" data-widget_type=\"text-editor.default\">\n\t\t\t\t<div class=\"elementor-widget-container\">\n\t\t\t\t\t\t\t\t\t<h2 class=\"p1\"><b>Crit\u00e8res d\u2019admissibilit\u00e9 :<\/b><\/h2><h3 class=\"p1\"><b>Statut de citoyen et de r\u00e9sident et origine grecque<\/b><\/h3><ol type=\"a\"><li>Citoyen canadien<\/li><li>R\u00e9sident du Qu\u00e9bec (preuve requise)<\/li><li>Origine grecque* (preuve requise)<\/li><\/ol><h3>\u00c9tudiants universitaires<\/h3><ul><li>\u00c9tudiant \u00e0 temps plein pendant les semestres d\u2019automne 2025 et d\u2019hiver 2026<\/li><li>Les programmes de premier ou de deuxi\u00e8me cycle seront pris en consid\u00e9ration.<\/li><\/ul><h3>\u00a0<\/h3><h3>Montant de la bourse par b\u00e9n\u00e9ficiaire\u00a0: 3 000\u00a0$<\/h3>\t\t\t\t\t\t\t\t<\/div>\n\t\t\t\t<\/div>\n\t\t\t\t<div class=\"elementor-element elementor-element-e80ff87 elementor-align-left elementor-widget elementor-widget-button\" data-id=\"e80ff87\" data-element_type=\"widget\" data-e-type=\"widget\" data-widget_type=\"button.default\">\n\t\t\t\t<div class=\"elementor-widget-container\">\n\t\t\t\t\t\t\t\t\t<div class=\"elementor-button-wrapper\">\n\t\t\t\t\t<a class=\"elementor-button elementor-button-link elementor-size-xs\" href=\"https:\/\/forms.gle\/jdJg1KhscQuyZwNN6\">\n\t\t\t\t\t\t<span class=\"elementor-button-content-wrapper\">\n\t\t\t\t\t\t<span class=\"elementor-button-icon\">\n\t\t\t\t<i aria-hidden=\"true\" class=\"icon icon-image-gallery\"><\/i>\t\t\t<\/span>\n\t\t\t\t\t\t\t\t\t<span class=\"elementor-button-text\">S'inscrire ici<\/span>\n\t\t\t\t\t<\/span>\n\t\t\t\t\t<\/a>\n\t\t\t\t<\/div>\n\t\t\t\t\t\t\t\t<\/div>\n\t\t\t\t<\/div>\n\t\t\t\t<div class=\"elementor-element elementor-element-9743314 elementor-widget elementor-widget-text-editor\" data-id=\"9743314\" data-element_type=\"widget\" data-e-type=\"widget\" data-widget_type=\"text-editor.default\">\n\t\t\t\t<div class=\"elementor-widget-container\">\n\t\t\t\t\t\t\t\t\t<h2>Dates importantes\u00a0:<\/h2><ul><li>Date limite de soumission : le 15 mars 2026.<\/li><li>La c\u00e9r\u00e9monie de remise des bourses sera pr\u00e9sent\u00e9e lors des DEKA Awards, le 7\u00a0mai 2026.<\/li><\/ul><p style=\"font-size: 14px; margin: 1em 0 0.2em 1.2em;\"><em>*L\u2019origine grecque peut \u00eatre prouv\u00e9e en utilisant un ou plusieurs des \u00e9l\u00e9ments suivants\u00a0:<\/em><\/p><ol style=\"font-size: 14px;\"><li><em>Certificat de bapt\u00eame (ou autres certificats religieux)<\/em><\/li><li><em>Actes de naissance d\u2019un membre de votre famille<\/em><\/li><li><em> Acte de mariage d\u2019un membre de votre famille<\/em><\/li><li><em>Certificat d\u00e9livr\u00e9 par le gouvernement<\/em><\/li><li><em> Justificatifs d\u2019adresse<\/em><\/li><li><em>Passeports grecs des membres de la famille ou du candidat\/de la candidate<\/em><\/li><\/ol>\t\t\t\t\t\t\t\t<\/div>\n\t\t\t\t<\/div>\n\t\t\t\t<div class=\"elementor-element elementor-element-992363a elementor-widget elementor-widget-text-editor\" data-id=\"992363a\" data-element_type=\"widget\" data-e-type=\"widget\" data-widget_type=\"text-editor.default\">\n\t\t\t\t<div class=\"elementor-widget-container\">\n\t\t\t\t\t\t\t\t\t<h2>Boursiers 2025 :<\/h2><ul><li>Vanessa Vassalos<\/li><li>Petros Validakis<\/li><li>Anna Katalifos<\/li><\/ul>\t\t\t\t\t\t\t\t<\/div>\n\t\t\t\t<\/div>\n\t\t\t\t\t<\/div>\n\t\t<\/div>\n\t\t\t\t\t<\/div>\n\t\t<\/section>\n\t\t\t\t<\/div>\n\t\t","protected":false},"excerpt":{"rendered":"<p>Le programme de bourses d\u2019\u00e9tudes HBOT Mission Depuis de nombreuses ann\u00e9es, la Chambre de commerce hell\u00e9nique (HBOT) aide les \u00e9tudiants par le biais de programmes de mentorat et d\u2019autres programmes, cherchant toujours \u00e0 promouvoir nos jeunes. En 2024, le programme de bourses d\u2019\u00e9tudes HBOT a \u00e9t\u00e9 lanc\u00e9, afin de promouvoir les jeunes hell\u00e8nes qui poursuivent [&hellip;]<\/p>\n","protected":false},"author":204,"featured_media":0,"parent":0,"menu_order":0,"comment_status":"closed","ping_status":"closed","template":"elementor_header_footer","meta":{"_seopress_robots_primary_cat":"","_seopress_titles_title":"","_seopress_titles_desc":"","_seopress_robots_index":"","footnotes":""},"class_list":["post-6998","page","type-page","status-publish","hentry"],"_links":{"self":[{"href":"https:\/\/hbotmontreal.com\/fr\/wp-json\/wp\/v2\/pages\/6998","targetHints":{"allow":["GET"]}}],"collection":[{"href":"https:\/\/hbotmontreal.com\/fr\/wp-json\/wp\/v2\/pages"}],"about":[{"href":"https:\/\/hbotmontreal.com\/fr\/wp-json\/wp\/v2\/types\/page"}],"author":[{"embeddable":true,"href":"https:\/\/hbotmontreal.com\/fr\/wp-json\/wp\/v2\/users\/204"}],"replies":[{"embeddable":true,"href":"https:\/\/hbotmontreal.com\/fr\/wp-json\/wp\/v2\/comments?post=6998"}],"version-history":[{"count":5,"href":"https:\/\/hbotmontreal.com\/fr\/wp-json\/wp\/v2\/pages\/6998\/revisions"}],"predecessor-version":[{"id":8529,"href":"https:\/\/hbotmontreal.com\/fr\/wp-json\/wp\/v2\/pages\/6998\/revisions\/8529"}],"wp:attachment":[{"href":"https:\/\/hbotmontreal.com\/fr\/wp-json\/wp\/v2\/media?parent=6998"}],"curies":[{"name":"wp","href":"https:\/\/api.w.org\/{rel}","templated":true}]}}