{"id":6929,"date":"2022-12-02T18:54:14","date_gmt":"2022-12-02T23:54:14","guid":{"rendered":"https:\/\/hbotmontreal.com\/membership-signup\/"},"modified":"2024-11-05T10:42:29","modified_gmt":"2024-11-05T15:42:29","slug":"adhesion","status":"publish","type":"page","link":"https:\/\/hbotmontreal.com\/fr\/adhesion\/","title":{"rendered":"Adh\u00e9sion"},"content":{"rendered":"\t\t<div data-elementor-type=\"wp-page\" data-elementor-id=\"6929\" class=\"elementor elementor-6929 elementor-4829\" data-elementor-post-type=\"page\">\n\t\t\t\t\t\t<section class=\"elementor-section elementor-top-section elementor-element elementor-element-494dcd0 elementor-section-stretched elementor-section-height-min-height elementor-section-boxed elementor-section-height-default elementor-section-items-middle\" data-id=\"494dcd0\" data-element_type=\"section\" data-e-type=\"section\" data-settings=\"{&quot;background_background&quot;:&quot;classic&quot;,&quot;stretch_section&quot;:&quot;section-stretched&quot;}\">\n\t\t\t\t\t\t\t<div class=\"elementor-background-overlay\"><\/div>\n\t\t\t\t\t\t\t<div class=\"elementor-container elementor-column-gap-no\">\n\t\t\t\t\t<div class=\"elementor-column elementor-col-100 elementor-top-column elementor-element elementor-element-0f1e216\" data-id=\"0f1e216\" data-element_type=\"column\" data-e-type=\"column\">\n\t\t\t<div class=\"elementor-widget-wrap elementor-element-populated\">\n\t\t\t\t\t\t<section class=\"elementor-section elementor-inner-section elementor-element elementor-element-ea691d5 elementor-section-full_width elementor-section-height-default elementor-section-height-default\" data-id=\"ea691d5\" data-element_type=\"section\" data-e-type=\"section\">\n\t\t\t\t\t\t<div class=\"elementor-container elementor-column-gap-default\">\n\t\t\t\t\t<div class=\"elementor-column elementor-col-50 elementor-inner-column elementor-element elementor-element-a456928\" data-id=\"a456928\" data-element_type=\"column\" data-e-type=\"column\">\n\t\t\t<div class=\"elementor-widget-wrap elementor-element-populated\">\n\t\t\t\t\t\t<div class=\"elementor-element elementor-element-99228fa elementor-widget elementor-widget-heading\" data-id=\"99228fa\" data-element_type=\"widget\" data-e-type=\"widget\" data-widget_type=\"heading.default\">\n\t\t\t\t<div class=\"elementor-widget-container\">\n\t\t\t\t\t<h1 class=\"elementor-heading-title elementor-size-default\"><h3 style=\"margin-right: 0px;margin-bottom: 0px;margin-left: 0px;line-height: 48px;font-size: 48px;z-index: 0;text-transform: capitalize;white-space: normal\"><h3 style=\"margin-right: 0px;margin-bottom: 0px;margin-left: 0px;line-height: 48px;font-size: 48px;z-index: 0\"> Adh\u00e9sion \u00e0 HBOT <\/h3><\/h3><\/h1>\t\t\t\t<\/div>\n\t\t\t\t<\/div>\n\t\t\t\t\t<\/div>\n\t\t<\/div>\n\t\t\t\t<div class=\"elementor-column elementor-col-50 elementor-inner-column elementor-element elementor-element-a2c9453\" data-id=\"a2c9453\" data-element_type=\"column\" data-e-type=\"column\">\n\t\t\t<div class=\"elementor-widget-wrap\">\n\t\t\t\t\t\t\t<\/div>\n\t\t<\/div>\n\t\t\t\t\t<\/div>\n\t\t<\/section>\n\t\t\t\t\t<\/div>\n\t\t<\/div>\n\t\t\t\t\t<\/div>\n\t\t<\/section>\n\t\t\t\t<section class=\"elementor-section elementor-top-section elementor-element elementor-element-3e117276 elementor-section-boxed elementor-section-height-default elementor-section-height-default\" data-id=\"3e117276\" data-element_type=\"section\" data-e-type=\"section\" id=\"pay\">\n\t\t\t\t\t\t<div class=\"elementor-container elementor-column-gap-default\">\n\t\t\t\t\t<div class=\"elementor-column elementor-col-50 elementor-top-column elementor-element elementor-element-58ebb867 elementor-hidden-phone\" data-id=\"58ebb867\" data-element_type=\"column\" data-e-type=\"column\">\n\t\t\t<div class=\"elementor-widget-wrap elementor-element-populated\">\n\t\t\t\t\t\t<div class=\"elementor-element elementor-element-5842dd1 elementor-widget elementor-widget-image\" data-id=\"5842dd1\" data-element_type=\"widget\" data-e-type=\"widget\" data-widget_type=\"image.default\">\n\t\t\t\t<div class=\"elementor-widget-container\">\n\t\t\t\t\t\t\t\t\t\t\t\t\t\t\t<img fetchpriority=\"high\" decoding=\"async\" width=\"600\" height=\"525\" src=\"https:\/\/hbotmontreal.com\/wp-content\/uploads\/2021\/02\/membership.jpg\" class=\"attachment-large size-large wp-image-6649\" alt=\"\" srcset=\"https:\/\/hbotmontreal.com\/wp-content\/uploads\/2021\/02\/membership.jpg 600w, https:\/\/hbotmontreal.com\/wp-content\/uploads\/2021\/02\/membership-300x263.jpg 300w\" sizes=\"(max-width: 600px) 100vw, 600px\" \/>\t\t\t\t\t\t\t\t\t\t\t\t\t\t\t<\/div>\n\t\t\t\t<\/div>\n\t\t\t\t\t<\/div>\n\t\t<\/div>\n\t\t\t\t<div class=\"elementor-column elementor-col-50 elementor-top-column elementor-element elementor-element-2b17c2b6\" data-id=\"2b17c2b6\" data-element_type=\"column\" data-e-type=\"column\">\n\t\t\t<div class=\"elementor-widget-wrap elementor-element-populated\">\n\t\t\t\t\t\t<div class=\"elementor-element elementor-element-0f16c72 elementor-widget elementor-widget-heading\" data-id=\"0f16c72\" data-element_type=\"widget\" data-e-type=\"widget\" data-widget_type=\"heading.default\">\n\t\t\t\t<div class=\"elementor-widget-container\">\n\t\t\t\t\t<h2 class=\"elementor-heading-title elementor-size-default\">Adh\u00e9sion \u00e0 la Chambre de commerce hell\u00e9nique du Montr\u00e9al m\u00e9tropolitain<\/h2>\t\t\t\t<\/div>\n\t\t\t\t<\/div>\n\t\t\t\t<div class=\"elementor-element elementor-element-d0c29a0 elementor-widget elementor-widget-text-editor\" data-id=\"d0c29a0\" data-element_type=\"widget\" data-e-type=\"widget\" data-widget_type=\"text-editor.default\">\n\t\t\t\t<div class=\"elementor-widget-container\">\n\t\t\t\t\t\t\t\t\t<p style=\"color: #f3525a; font-size: 2em; margin-top: 19px; font-weight: bold;\">150 $\/ ann\u00e9e<\/p><p class=\"p1\">En plus d\u2019offrir \u00e0 la communaut\u00e9 d\u2019affaires hell\u00e9nique des occasions d\u2019\u00e9largir son r\u00e9seau et de faire progresser ses objectifs professionnels et culturels, la Chambre de commerce hell\u00e9nique du Montr\u00e9al m\u00e9tropolitain est fi\u00e8re d\u2019offrir les avantages suivants \u00e0 ses membres officiels :<\/p><ul class=\"ul1\"><li class=\"li1\">B\u00e9n\u00e9ficier d\u2019un tarif pr\u00e9f\u00e9rentiel pour les membres lors de l\u2019achat de billets pour les \u00e9v\u00e9nements de HBOT.<\/li><li class=\"li1\">Assurer votre place gr\u00e2ce \u00e0 un acc\u00e8s anticip\u00e9 \u00e0 la vente de billets pour les \u00e9v\u00e9nements.<\/li><li class=\"li1\">Assister \u00e0 des \u00e9v\u00e9nements r\u00e9serv\u00e9s aux membres et d\u00e9velopper des relations d\u2019affaires utiles.<\/li><\/ul>\t\t\t\t\t\t\t\t<\/div>\n\t\t\t\t<\/div>\n\t\t\t\t<div class=\"elementor-element elementor-element-09276dd elementor-widget elementor-widget-html\" data-id=\"09276dd\" data-element_type=\"widget\" data-e-type=\"widget\" data-widget_type=\"html.default\">\n\t\t\t\t<div class=\"elementor-widget-container\">\n\t\t\t\t\t<div style=\"position:relative;overflow:hidden;width:100%;height:600px;padding-top:1450px\"><iframe title='Donation form powered by Zeffy' style='position: absolute; border: 0; top:0;left:0;bottom:0;right:0;width:100%;height:100%' src='https:\/\/www.zeffy.com\/en-CA\/embed\/ticketing\/da40cbfa-bb73-470e-bbcb-24dab7b88128' allowpaymentrequest allowTransparency=\"true\"><\/iframe><\/div>\t\t\t\t<\/div>\n\t\t\t\t<\/div>\n\t\t\t\t\t<\/div>\n\t\t<\/div>\n\t\t\t\t\t<\/div>\n\t\t<\/section>\n\t\t\t\t<\/div>\n\t\t","protected":false},"excerpt":{"rendered":"<p>Adh\u00e9sion \u00e0 HBOT Adh\u00e9sion \u00e0 la Chambre de commerce hell\u00e9nique du Montr\u00e9al m\u00e9tropolitain 150 $\/ ann\u00e9e En plus d\u2019offrir \u00e0 la communaut\u00e9 d\u2019affaires hell\u00e9nique des occasions d\u2019\u00e9largir son r\u00e9seau et de faire progresser ses objectifs professionnels et culturels, la Chambre de commerce hell\u00e9nique du Montr\u00e9al m\u00e9tropolitain est fi\u00e8re d\u2019offrir les avantages suivants \u00e0 ses membres [&hellip;]<\/p>\n","protected":false},"author":204,"featured_media":0,"parent":0,"menu_order":0,"comment_status":"closed","ping_status":"closed","template":"elementor_header_footer","meta":{"_seopress_robots_primary_cat":"","_seopress_titles_title":"","_seopress_titles_desc":"","_seopress_robots_index":"","footnotes":""},"class_list":["post-6929","page","type-page","status-publish","hentry"],"_links":{"self":[{"href":"https:\/\/hbotmontreal.com\/fr\/wp-json\/wp\/v2\/pages\/6929","targetHints":{"allow":["GET"]}}],"collection":[{"href":"https:\/\/hbotmontreal.com\/fr\/wp-json\/wp\/v2\/pages"}],"about":[{"href":"https:\/\/hbotmontreal.com\/fr\/wp-json\/wp\/v2\/types\/page"}],"author":[{"embeddable":true,"href":"https:\/\/hbotmontreal.com\/fr\/wp-json\/wp\/v2\/users\/204"}],"replies":[{"embeddable":true,"href":"https:\/\/hbotmontreal.com\/fr\/wp-json\/wp\/v2\/comments?post=6929"}],"version-history":[{"count":5,"href":"https:\/\/hbotmontreal.com\/fr\/wp-json\/wp\/v2\/pages\/6929\/revisions"}],"predecessor-version":[{"id":7404,"href":"https:\/\/hbotmontreal.com\/fr\/wp-json\/wp\/v2\/pages\/6929\/revisions\/7404"}],"wp:attachment":[{"href":"https:\/\/hbotmontreal.com\/fr\/wp-json\/wp\/v2\/media?parent=6929"}],"curies":[{"name":"wp","href":"https:\/\/api.w.org\/{rel}","templated":true}]}}